{"id":1727,"date":"2025-04-18T21:54:14","date_gmt":"2025-04-18T21:54:14","guid":{"rendered":"https:\/\/saltystudio.pt\/dev\/bisturi-humanitario\/?page_id=1727"},"modified":"2025-04-18T22:44:50","modified_gmt":"2025-04-18T22:44:50","slug":"repositorio","status":"publish","type":"page","link":"https:\/\/saltystudio.pt\/dev\/bisturi-humanitario\/repositorio\/","title":{"rendered":"Reposit\u00f3rio"},"content":{"rendered":"\n<div class=\"wp-block-uagb-container uagb-block-6803eae3 alignfull uagb-is-root-container\"><div class=\"uagb-container-inner-blocks-wrap\">\n<div class=\"wp-block-uagb-advanced-heading uagb-block-a2f9964e\"><h1 class=\"uagb-heading-text\">Associa\u00e7\u00e3o Bisturi Humanit\u00e1rio<\/h1><p class=\"uagb-desc-text\">Reposit\u00f3rio Miss\u00f5es<\/p><\/div>\n\n\n\n<p><\/p>\n<\/div><\/div>\n\n\n\n<div class=\"wp-block-uagb-container uagb-block-afgbggr4 alignfull uagb-is-root-container\"><div class=\"uagb-container-inner-blocks-wrap\">\n<div class=\"wp-block-uagb-container uagb-block-rzoquj9i\">\n<div class=\"wp-block-uagb-info-box uagb-block-cvyfyqf6 uagb-infobox__content-wrap  uagb-infobox-icon-above-title uagb-infobox-image-valign-top\"><div class=\"uagb-ifb-content\"><div class=\"uagb-ifb-title-wrap\"><h2 class=\"uagb-ifb-title\">2023<\/h2><\/div><\/div><\/div>\n<\/div>\n\n\n\n<div class=\"wp-block-file\"><a id=\"wp-block-file--media-7ba35156-6139-4ff2-95ea-0b976da81041\" href=\"https:\/\/saltystudio.pt\/dev\/bisturi-humanitario\/wp-content\/uploads\/2025\/04\/ABH-RM-fev2023.pdf\">ABH-RM-fev2023<\/a><\/div>\n\n\n\n<div class=\"wp-block-file\"><a id=\"wp-block-file--media-845bffe7-0ab4-4e7d-8f24-cf42fd061355\" href=\"https:\/\/saltystudio.pt\/dev\/bisturi-humanitario\/wp-content\/uploads\/2025\/04\/ABH-RM-out2023.pdf\">ABH-RM-out2023<\/a><\/div>\n<\/div><\/div>\n\n\n\n<div class=\"wp-block-uagb-container uagb-block-b710e92c alignfull uagb-is-root-container\"><div class=\"uagb-container-inner-blocks-wrap\">\n<div class=\"wp-block-uagb-container uagb-block-544db3fe\">\n<div class=\"wp-block-uagb-info-box uagb-block-26637e13 uagb-infobox__content-wrap  uagb-infobox-icon-above-title uagb-infobox-image-valign-top\"><div class=\"uagb-ifb-content\"><div class=\"uagb-ifb-title-wrap\"><h2 class=\"uagb-ifb-title\">2022<\/h2><\/div><\/div><\/div>\n<\/div>\n\n\n<\/div><\/div>\n\n\n\n<div class=\"wp-block-uagb-container uagb-block-c24bd242 alignfull uagb-is-root-container\"><div class=\"uagb-container-inner-blocks-wrap\">\n<div class=\"wp-block-uagb-container uagb-block-fbfa2cfd\">\n<div class=\"wp-block-uagb-info-box uagb-block-a173f876 uagb-infobox__content-wrap  uagb-infobox-icon-above-title uagb-infobox-image-valign-top\"><div class=\"uagb-ifb-content\"><div class=\"uagb-ifb-title-wrap\"><h2 class=\"uagb-ifb-title\">2021<\/h2><\/div><\/div><\/div>\n<\/div>\n\n\n\n<div class=\"wp-block-file\"><a id=\"wp-block-file--media-8acd5610-f074-482f-8c1b-242f3547847d\" href=\"https:\/\/saltystudio.pt\/dev\/bisturi-humanitario\/wp-content\/uploads\/2025\/04\/ABH-RM-fev2021.pdf\">ABH-RM-fev2021<\/a><\/div>\n<\/div><\/div>\n\n\n\n<div class=\"wp-block-uagb-container uagb-block-7e448caa alignfull uagb-is-root-container\"><div class=\"uagb-container-inner-blocks-wrap\">\n<div class=\"wp-block-group is-nowrap is-layout-flex wp-container-core-group-is-layout-6c531013 wp-block-group-is-layout-flex\">\n<div class=\"wp-block-uagb-container uagb-block-056a525c\">\n<div class=\"wp-block-uagb-info-box uagb-block-b2a5f44b uagb-infobox__content-wrap  uagb-infobox-icon-above-title uagb-infobox-image-valign-top\"><div class=\"uagb-ifb-content\"><div class=\"uagb-ifb-title-wrap\"><h2 class=\"uagb-ifb-title\">2020<\/h2><\/div><\/div><\/div>\n<\/div>\n\n\n\n<div class=\"wp-block-file\"><a id=\"wp-block-file--media-ad8541a6-52ab-46e2-b008-8bfccfab77ea\" href=\"https:\/\/saltystudio.pt\/dev\/bisturi-humanitario\/wp-content\/uploads\/2025\/04\/ABH-RM-fev2020.pdf\">ABH-RM-fev2020<\/a><\/div>\n<\/div>\n<\/div><\/div>\n\n\n\n<div class=\"wp-block-uagb-container uagb-block-c84325e4 alignfull uagb-is-root-container\"><div class=\"uagb-container-inner-blocks-wrap\">\n<div class=\"wp-block-uagb-info-box uagb-block-d8a09d88 uagb-infobox__content-wrap  uagb-infobox-icon-above-title uagb-infobox-image-valign-top\"><div class=\"uagb-ifb-content\"><div class=\"uagb-ifb-title-wrap\"><h2 class=\"uagb-ifb-title\">Junte-se \u00e0 Nossa Causa<\/h2><\/div><p class=\"uagb-ifb-desc\">A sua ajuda pode fazer a diferen\u00e7a. Contribua ou torne-se volunt\u00e1rio e ajude-nos a levar cuidados a quem mais precisa.<\/p><div class=\"uagb-ifb-button-wrapper wp-block-button\"><a href=\"https:\/\/saltystudio.pt\/dev\/bisturi-humanitario\/contactos\/\" class=\"uagb-infobox-cta-link wp-block-button__link\" target=\"_self\" rel=\"noopener noreferrer\" onclick=\"return true;\"><span class=\"uagb-inline-editing\">Junte-se a n\u00f3s<\/span><\/a><\/div><\/div><\/div>\n<\/div><\/div>\n","protected":false},"excerpt":{"rendered":"<p>Associa\u00e7\u00e3o Bisturi Humanit\u00e1rio Reposit\u00f3rio Miss\u00f5es<\/p>\n","protected":false},"author":1,"featured_media":0,"parent":0,"menu_order":0,"comment_status":"closed","ping_status":"closed","template":"","meta":{"_uag_custom_page_level_css":"","site-sidebar-layout":"default","site-content-layout":"","ast-site-content-layout":"default","site-content-style":"default","site-sidebar-style":"default","ast-global-header-display":"","ast-banner-title-visibility":"","ast-main-header-display":"","ast-hfb-above-header-display":"","ast-hfb-below-header-display":"","ast-hfb-mobile-header-display":"","site-post-title":"disabled","ast-breadcrumbs-content":"","ast-featured-img":"","footer-sml-layout":"","theme-transparent-header-meta":"enabled","adv-header-id-meta":"","stick-header-meta":"","header-above-stick-meta":"","header-main-stick-meta":"","header-below-stick-meta":"","astra-migrate-meta-layouts":"set","ast-page-background-enabled":"default","ast-page-background-meta":{"desktop":{"background-color":"var(--ast-global-color-4)","background-image":"","background-repeat":"repeat","background-position":"center center","background-size":"auto","background-attachment":"scroll","background-type":"","background-media":"","overlay-type":"","overlay-color":"","overlay-opacity":"","overlay-gradient":""},"tablet":{"background-color":"","background-image":"","background-repeat":"repeat","background-position":"center center","background-size":"auto","background-attachment":"scroll","background-type":"","background-media":"","overlay-type":"","overlay-color":"","overlay-opacity":"","overlay-gradient":""},"mobile":{"background-color":"","background-image":"","background-repeat":"repeat","background-position":"center center","background-size":"auto","background-attachment":"scroll","background-type":"","background-media":"","overlay-type":"","overlay-color":"","overlay-opacity":"","overlay-gradient":""}},"ast-content-background-meta":{"desktop":{"background-color":"var(--ast-global-color-5)","background-image":"","background-repeat":"repeat","background-position":"center center","background-size":"auto","background-attachment":"scroll","background-type":"","background-media":"","overlay-type":"","overlay-color":"","overlay-opacity":"","overlay-gradient":""},"tablet":{"background-color":"var(--ast-global-color-5)","background-image":"","background-repeat":"repeat","background-position":"center center","background-size":"auto","background-attachment":"scroll","background-type":"","background-media":"","overlay-type":"","overlay-color":"","overlay-opacity":"","overlay-gradient":""},"mobile":{"background-color":"var(--ast-global-color-5)","background-image":"","background-repeat":"repeat","background-position":"center center","background-size":"auto","background-attachment":"scroll","background-type":"","background-media":"","overlay-type":"","overlay-color":"","overlay-opacity":"","overlay-gradient":""}},"footnotes":""},"class_list":["post-1727","page","type-page","status-publish","hentry"],"uagb_featured_image_src":{"full":false,"thumbnail":false,"medium":false,"medium_large":false,"large":false,"1536x1536":false,"2048x2048":false},"uagb_author_info":{"display_name":"jose-sousa","author_link":"https:\/\/saltystudio.pt\/dev\/bisturi-humanitario\/author\/jose-sousa\/"},"uagb_comment_info":0,"uagb_excerpt":"Associa\u00e7\u00e3o Bisturi Humanit\u00e1rio Reposit\u00f3rio Miss\u00f5es","_links":{"self":[{"href":"https:\/\/saltystudio.pt\/dev\/bisturi-humanitario\/wp-json\/wp\/v2\/pages\/1727","targetHints":{"allow":["GET"]}}],"collection":[{"href":"https:\/\/saltystudio.pt\/dev\/bisturi-humanitario\/wp-json\/wp\/v2\/pages"}],"about":[{"href":"https:\/\/saltystudio.pt\/dev\/bisturi-humanitario\/wp-json\/wp\/v2\/types\/page"}],"author":[{"embeddable":true,"href":"https:\/\/saltystudio.pt\/dev\/bisturi-humanitario\/wp-json\/wp\/v2\/users\/1"}],"replies":[{"embeddable":true,"href":"https:\/\/saltystudio.pt\/dev\/bisturi-humanitario\/wp-json\/wp\/v2\/comments?post=1727"}],"version-history":[{"count":8,"href":"https:\/\/saltystudio.pt\/dev\/bisturi-humanitario\/wp-json\/wp\/v2\/pages\/1727\/revisions"}],"predecessor-version":[{"id":1742,"href":"https:\/\/saltystudio.pt\/dev\/bisturi-humanitario\/wp-json\/wp\/v2\/pages\/1727\/revisions\/1742"}],"wp:attachment":[{"href":"https:\/\/saltystudio.pt\/dev\/bisturi-humanitario\/wp-json\/wp\/v2\/media?parent=1727"}],"curies":[{"name":"wp","href":"https:\/\/api.w.org\/{rel}","templated":true}]}}