{"id":1630,"date":"2025-04-17T18:21:19","date_gmt":"2025-04-17T18:21:19","guid":{"rendered":"https:\/\/saltystudio.pt\/dev\/bisturi-humanitario\/?page_id=1630"},"modified":"2025-04-17T21:41:23","modified_gmt":"2025-04-17T21:41:23","slug":"fev-2025","status":"publish","type":"page","link":"https:\/\/saltystudio.pt\/dev\/bisturi-humanitario\/fev-2025\/","title":{"rendered":"fevereiro 2025"},"content":{"rendered":"\n<div class=\"wp-block-uagb-container uagb-block-6803eae3 alignfull uagb-is-root-container\"><div class=\"uagb-container-inner-blocks-wrap\">\n<div class=\"wp-block-uagb-advanced-heading uagb-block-a2f9964e\"><h1 class=\"uagb-heading-text\">Rumo \u00e0 Guin\u00e9 2025<\/h1><p class=\"uagb-desc-text\">Fevereiro<\/p><\/div>\n<\/div><\/div>\n\n\n\n<div class=\"wp-block-uagb-container uagb-block-afgbggr4 alignfull uagb-is-root-container\"><div class=\"uagb-container-inner-blocks-wrap\">\n<div class=\"wp-block-uagb-container uagb-block-rzoquj9i\">\n<div class=\"wp-block-uagb-info-box uagb-block-cvyfyqf6 uagb-infobox__content-wrap  uagb-infobox-icon-above-title uagb-infobox-image-valign-top\"><div class=\"uagb-ifb-content\"><div class=\"uagb-ifb-title-wrap\"><h2 class=\"uagb-ifb-title\">Causas nobres e objetivos superados<\/h2><\/div><p class=\"uagb-ifb-desc\">Foram 14 dias de miss\u00e3o, mas s\u00f3 conseguida com o apoio de muitas institui\u00e7\u00f5es, empresas e particulares.<br><br>Mas tamb\u00e9m com o apoio de quem est\u00e1 desse lado a acompanhar o nosso trabalho e que acredita na causa t\u00e3o nobre da Associa\u00e7\u00e3o Bisturi Humanit\u00e1rio<br><br>A curto prazo divulgaremos os n\u00fameros.<br>Avan\u00e7amos j\u00e1 que foi superado o objetivo inicial.<br>Um obrigado a todos!<\/p><\/div><\/div>\n\n\n\n<div class=\"wp-block-uagb-buttons uagb-buttons__outer-wrap uagb-btn__default-btn uagb-btn-tablet__default-btn uagb-btn-mobile__default-btn uagb-block-910paiqa\"><div class=\"uagb-buttons__wrap uagb-buttons-layout-wrap \">\n<div class=\"wp-block-uagb-buttons-child uagb-buttons__outer-wrap uagb-block-bfky0cq9 wp-block-button\"><div class=\"uagb-button__wrapper\"><a class=\"uagb-buttons-repeater ast-outline-button\" aria-label=\"\" style=\"border-width:revert-layer\" href=\"#\" rel=\"follow noopener\" target=\"_blank\" role=\"button\"><div class=\"uagb-button__link\">Relat\u00f3rio<\/div><\/a><\/div><\/div>\n<\/div><\/div>\n<\/div>\n\n\n\n<div class=\"wp-block-uagb-container uagb-block-cafxgf62\">\n<div class=\"wp-block-uagb-image alignleft uagb-block-pq6zmsao wp-block-uagb-image--layout-default wp-block-uagb-image--effect-static wp-block-uagb-image--align-left\"><figure class=\"wp-block-uagb-image__figure\"><img decoding=\"async\" srcset=\"https:\/\/saltystudio.pt\/dev\/bisturi-humanitario\/wp-content\/uploads\/2025\/04\/484904926_1547261819462270_1360770137038558239_n-1024x1024.jpg ,https:\/\/saltystudio.pt\/dev\/bisturi-humanitario\/wp-content\/uploads\/2025\/04\/484904926_1547261819462270_1360770137038558239_n.jpg 780w, https:\/\/saltystudio.pt\/dev\/bisturi-humanitario\/wp-content\/uploads\/2025\/04\/484904926_1547261819462270_1360770137038558239_n.jpg 360w\" sizes=\"auto, (max-width: 480px) 150px\" src=\"https:\/\/saltystudio.pt\/dev\/bisturi-humanitario\/wp-content\/uploads\/2025\/04\/484904926_1547261819462270_1360770137038558239_n-1024x1024.jpg\" alt=\"\" class=\"uag-image-1640\" width=\"270\" height=\"360\" title=\"484904926_1547261819462270_1360770137038558239_n\" loading=\"lazy\" role=\"img\"\/><\/figure><\/div>\n\n\n\n<div class=\"wp-block-uagb-image alignleft uagb-block-bgohob9i wp-block-uagb-image--layout-default wp-block-uagb-image--effect-static wp-block-uagb-image--align-left\"><figure class=\"wp-block-uagb-image__figure\"><img decoding=\"async\" srcset=\"https:\/\/saltystudio.pt\/dev\/bisturi-humanitario\/wp-content\/uploads\/2025\/04\/483970264_1547260049462447_7993129267922226749_n.jpg ,https:\/\/saltystudio.pt\/dev\/bisturi-humanitario\/wp-content\/uploads\/2025\/04\/483970264_1547260049462447_7993129267922226749_n.jpg 780w, https:\/\/saltystudio.pt\/dev\/bisturi-humanitario\/wp-content\/uploads\/2025\/04\/483970264_1547260049462447_7993129267922226749_n.jpg 360w\" sizes=\"auto, (max-width: 480px) 150px\" src=\"https:\/\/saltystudio.pt\/dev\/bisturi-humanitario\/wp-content\/uploads\/2025\/04\/483970264_1547260049462447_7993129267922226749_n.jpg\" alt=\"\" class=\"uag-image-1641\" width=\"270\" height=\"360\" title=\"483970264_1547260049462447_7993129267922226749_n\" loading=\"lazy\" role=\"img\"\/><\/figure><\/div>\n<\/div>\n<\/div><\/div>\n\n\n\n<div class=\"wp-block-uagb-container uagb-block-t8vmqf3p alignfull uagb-is-root-container\"><div class=\"uagb-container-inner-blocks-wrap\">\n<div class=\"wp-block-uagb-container uagb-block-0keckwhf\">\n<div class=\"wp-block-uagb-info-box uagb-block-anzqfm7v uagb-infobox__content-wrap  uagb-infobox-icon-above-title uagb-infobox-image-valign-top\"><div class=\"uagb-ifb-content\"><div class=\"uagb-ifb-title-wrap\"><h2 class=\"uagb-ifb-title\">Galeria<\/h2><\/div><\/div><\/div>\n<\/div>\n\n\n\n<div class=\"wp-block-uagb-container uagb-block-rrq92bmc\">\n<div class=\"wp-block-uagb-container uagb-block-ol1tkavt\">\n<div class=\"wp-block-uagb-image alignleft uagb-block-zmwgwzej wp-block-uagb-image--layout-default wp-block-uagb-image--effect-static wp-block-uagb-image--align-left\"><figure class=\"wp-block-uagb-image__figure\"><img decoding=\"async\" srcset=\"https:\/\/saltystudio.pt\/dev\/bisturi-humanitario\/wp-content\/uploads\/2025\/04\/483933222_1547262786128840_8971823641197279564_n.jpg ,https:\/\/saltystudio.pt\/dev\/bisturi-humanitario\/wp-content\/uploads\/2025\/04\/483933222_1547262786128840_8971823641197279564_n.jpg 780w, https:\/\/saltystudio.pt\/dev\/bisturi-humanitario\/wp-content\/uploads\/2025\/04\/483933222_1547262786128840_8971823641197279564_n.jpg 360w\" sizes=\"auto, (max-width: 480px) 150px\" src=\"https:\/\/saltystudio.pt\/dev\/bisturi-humanitario\/wp-content\/uploads\/2025\/04\/483933222_1547262786128840_8971823641197279564_n.jpg\" alt=\"\" class=\"uag-image-1633\" width=\"384\" height=\"384\" title=\"483933222_1547262786128840_8971823641197279564_n\" loading=\"lazy\" role=\"img\"\/><\/figure><\/div>\n\n\n\n<div class=\"wp-block-uagb-image alignleft uagb-block-dzsedlwp wp-block-uagb-image--layout-default wp-block-uagb-image--effect-static wp-block-uagb-image--align-left\"><figure class=\"wp-block-uagb-image__figure\"><img decoding=\"async\" srcset=\"https:\/\/saltystudio.pt\/dev\/bisturi-humanitario\/wp-content\/uploads\/2025\/04\/484172557_1547262569462195_6086754317922554890_n-1024x769.jpg ,https:\/\/saltystudio.pt\/dev\/bisturi-humanitario\/wp-content\/uploads\/2025\/04\/484172557_1547262569462195_6086754317922554890_n.jpg 780w, https:\/\/saltystudio.pt\/dev\/bisturi-humanitario\/wp-content\/uploads\/2025\/04\/484172557_1547262569462195_6086754317922554890_n.jpg 360w\" sizes=\"auto, (max-width: 480px) 150px\" src=\"https:\/\/saltystudio.pt\/dev\/bisturi-humanitario\/wp-content\/uploads\/2025\/04\/484172557_1547262569462195_6086754317922554890_n-1024x769.jpg\" alt=\"\" class=\"uag-image-1636\" width=\"384\" height=\"512\" title=\"484172557_1547262569462195_6086754317922554890_n\" loading=\"lazy\" role=\"img\"\/><\/figure><\/div>\n<\/div>\n\n\n\n<div class=\"wp-block-uagb-container uagb-block-vf5nyefu\">\n<div class=\"wp-block-uagb-image alignleft uagb-block-xdhjwyff wp-block-uagb-image--layout-default wp-block-uagb-image--effect-static wp-block-uagb-image--align-left\"><figure class=\"wp-block-uagb-image__figure\"><img decoding=\"async\" srcset=\"https:\/\/saltystudio.pt\/dev\/bisturi-humanitario\/wp-content\/uploads\/2025\/04\/484110652_1547265156128603_5427725922533022333_n-1024x536.jpg ,https:\/\/saltystudio.pt\/dev\/bisturi-humanitario\/wp-content\/uploads\/2025\/04\/484110652_1547265156128603_5427725922533022333_n.jpg 780w, https:\/\/saltystudio.pt\/dev\/bisturi-humanitario\/wp-content\/uploads\/2025\/04\/484110652_1547265156128603_5427725922533022333_n.jpg 360w\" sizes=\"auto, (max-width: 480px) 150px\" src=\"https:\/\/saltystudio.pt\/dev\/bisturi-humanitario\/wp-content\/uploads\/2025\/04\/484110652_1547265156128603_5427725922533022333_n-1024x536.jpg\" alt=\"\" class=\"uag-image-1634\" width=\"378\" height=\"308\" title=\"484110652_1547265156128603_5427725922533022333_n\" loading=\"lazy\" role=\"img\"\/><\/figure><\/div>\n\n\n\n<div class=\"wp-block-uagb-image alignleft uagb-block-r2lvcco4 wp-block-uagb-image--layout-default wp-block-uagb-image--effect-static wp-block-uagb-image--align-left\"><figure class=\"wp-block-uagb-image__figure\"><img decoding=\"async\" srcset=\"https:\/\/saltystudio.pt\/dev\/bisturi-humanitario\/wp-content\/uploads\/2025\/04\/484180774_1547263572795428_7392635764408524151_n-1024x576.jpg ,https:\/\/saltystudio.pt\/dev\/bisturi-humanitario\/wp-content\/uploads\/2025\/04\/484180774_1547263572795428_7392635764408524151_n.jpg 780w, https:\/\/saltystudio.pt\/dev\/bisturi-humanitario\/wp-content\/uploads\/2025\/04\/484180774_1547263572795428_7392635764408524151_n.jpg 360w\" sizes=\"auto, (max-width: 480px) 150px\" src=\"https:\/\/saltystudio.pt\/dev\/bisturi-humanitario\/wp-content\/uploads\/2025\/04\/484180774_1547263572795428_7392635764408524151_n-1024x576.jpg\" alt=\"\" class=\"uag-image-1637\" width=\"384\" height=\"384\" title=\"484180774_1547263572795428_7392635764408524151_n\" loading=\"lazy\" role=\"img\"\/><\/figure><\/div>\n\n\n\n<div class=\"wp-block-uagb-image alignleft uagb-block-ik6lunqc wp-block-uagb-image--layout-default wp-block-uagb-image--effect-static wp-block-uagb-image--align-left\"><figure class=\"wp-block-uagb-image__figure\"><img decoding=\"async\" srcset=\"https:\/\/saltystudio.pt\/dev\/bisturi-humanitario\/wp-content\/uploads\/2025\/04\/484514792_1547263652795420_3538925497646469194_n-1024x577.jpg ,https:\/\/saltystudio.pt\/dev\/bisturi-humanitario\/wp-content\/uploads\/2025\/04\/484514792_1547263652795420_3538925497646469194_n.jpg 780w, https:\/\/saltystudio.pt\/dev\/bisturi-humanitario\/wp-content\/uploads\/2025\/04\/484514792_1547263652795420_3538925497646469194_n.jpg 360w\" sizes=\"auto, (max-width: 480px) 150px\" src=\"https:\/\/saltystudio.pt\/dev\/bisturi-humanitario\/wp-content\/uploads\/2025\/04\/484514792_1547263652795420_3538925497646469194_n-1024x577.jpg\" alt=\"\" class=\"uag-image-1639\" width=\"384\" height=\"288\" title=\"484514792_1547263652795420_3538925497646469194_n\" loading=\"lazy\" role=\"img\"\/><\/figure><\/div>\n<\/div>\n\n\n\n<div class=\"wp-block-uagb-container uagb-block-xiheuthf\">\n<div class=\"wp-block-uagb-image alignleft uagb-block-eqpkh3ub wp-block-uagb-image--layout-default wp-block-uagb-image--effect-static wp-block-uagb-image--align-left\"><figure class=\"wp-block-uagb-image__figure\"><img decoding=\"async\" srcset=\"https:\/\/saltystudio.pt\/dev\/bisturi-humanitario\/wp-content\/uploads\/2025\/04\/484114935_1547262572795528_1008369778396385170_n-1024x767.jpg ,https:\/\/saltystudio.pt\/dev\/bisturi-humanitario\/wp-content\/uploads\/2025\/04\/484114935_1547262572795528_1008369778396385170_n.jpg 780w, https:\/\/saltystudio.pt\/dev\/bisturi-humanitario\/wp-content\/uploads\/2025\/04\/484114935_1547262572795528_1008369778396385170_n.jpg 360w\" sizes=\"auto, (max-width: 480px) 150px\" src=\"https:\/\/saltystudio.pt\/dev\/bisturi-humanitario\/wp-content\/uploads\/2025\/04\/484114935_1547262572795528_1008369778396385170_n-1024x767.jpg\" alt=\"\" class=\"uag-image-1635\" width=\"384\" height=\"481\" title=\"484114935_1547262572795528_1008369778396385170_n\" loading=\"lazy\" role=\"img\"\/><\/figure><\/div>\n\n\n\n<div class=\"wp-block-uagb-image uagb-block-sd0tvhwx wp-block-uagb-image--layout-default wp-block-uagb-image--effect-static wp-block-uagb-image--align-none\"><figure class=\"wp-block-uagb-image__figure\"><img decoding=\"async\" srcset=\"https:\/\/saltystudio.pt\/dev\/bisturi-humanitario\/wp-content\/uploads\/2025\/04\/484185821_1547262642795521_3773210901298935109_n-1024x768.jpg ,https:\/\/saltystudio.pt\/dev\/bisturi-humanitario\/wp-content\/uploads\/2025\/04\/484185821_1547262642795521_3773210901298935109_n.jpg 780w, https:\/\/saltystudio.pt\/dev\/bisturi-humanitario\/wp-content\/uploads\/2025\/04\/484185821_1547262642795521_3773210901298935109_n.jpg 360w\" sizes=\"auto, (max-width: 480px) 150px\" src=\"https:\/\/saltystudio.pt\/dev\/bisturi-humanitario\/wp-content\/uploads\/2025\/04\/484185821_1547262642795521_3773210901298935109_n-1024x768.jpg\" alt=\"\" class=\"uag-image-1638\" width=\"384\" height=\"384\" title=\"484185821_1547262642795521_3773210901298935109_n\" loading=\"lazy\" role=\"img\"\/><\/figure><\/div>\n<\/div>\n<\/div>\n<\/div><\/div>\n\n\n\n<div class=\"wp-block-uagb-container uagb-block-c84325e4 alignfull uagb-is-root-container\"><div class=\"uagb-container-inner-blocks-wrap\">\n<div class=\"wp-block-uagb-info-box uagb-block-d8a09d88 uagb-infobox__content-wrap  uagb-infobox-icon-above-title uagb-infobox-image-valign-top\"><div class=\"uagb-ifb-content\"><div class=\"uagb-ifb-title-wrap\"><h2 class=\"uagb-ifb-title\">Junte-se \u00e0 Nossa Causa<\/h2><\/div><p class=\"uagb-ifb-desc\">A sua ajuda pode fazer a diferen\u00e7a. Contribua ou torne-se volunt\u00e1rio e ajude-nos a levar cuidados a quem mais precisa.<\/p><div class=\"uagb-ifb-button-wrapper wp-block-button\"><a href=\"https:\/\/saltystudio.pt\/dev\/bisturi-humanitario\/contactos\/\" class=\"uagb-infobox-cta-link wp-block-button__link\" target=\"_self\" rel=\"noopener noreferrer\" onclick=\"return true;\"><span class=\"uagb-inline-editing\">Junte-se a n\u00f3s<\/span><\/a><\/div><\/div><\/div>\n<\/div><\/div>\n","protected":false},"excerpt":{"rendered":"<p>Rumo \u00e0 Guin\u00e9 2025 Fevereiro<\/p>\n","protected":false},"author":1,"featured_media":0,"parent":0,"menu_order":0,"comment_status":"closed","ping_status":"closed","template":"","meta":{"_uag_custom_page_level_css":"","site-sidebar-layout":"default","site-content-layout":"","ast-site-content-layout":"default","site-content-style":"default","site-sidebar-style":"default","ast-global-header-display":"","ast-banner-title-visibility":"","ast-main-header-display":"","ast-hfb-above-header-display":"","ast-hfb-below-header-display":"","ast-hfb-mobile-header-display":"","site-post-title":"disabled","ast-breadcrumbs-content":"","ast-featured-img":"","footer-sml-layout":"","theme-transparent-header-meta":"enabled","adv-header-id-meta":"","stick-header-meta":"","header-above-stick-meta":"","header-main-stick-meta":"","header-below-stick-meta":"","astra-migrate-meta-layouts":"set","ast-page-background-enabled":"default","ast-page-background-meta":{"desktop":{"background-color":"var(--ast-global-color-4)","background-image":"","background-repeat":"repeat","background-position":"center center","background-size":"auto","background-attachment":"scroll","background-type":"","background-media":"","overlay-type":"","overlay-color":"","overlay-opacity":"","overlay-gradient":""},"tablet":{"background-color":"","background-image":"","background-repeat":"repeat","background-position":"center center","background-size":"auto","background-attachment":"scroll","background-type":"","background-media":"","overlay-type":"","overlay-color":"","overlay-opacity":"","overlay-gradient":""},"mobile":{"background-color":"","background-image":"","background-repeat":"repeat","background-position":"center center","background-size":"auto","background-attachment":"scroll","background-type":"","background-media":"","overlay-type":"","overlay-color":"","overlay-opacity":"","overlay-gradient":""}},"ast-content-background-meta":{"desktop":{"background-color":"var(--ast-global-color-5)","background-image":"","background-repeat":"repeat","background-position":"center center","background-size":"auto","background-attachment":"scroll","background-type":"","background-media":"","overlay-type":"","overlay-color":"","overlay-opacity":"","overlay-gradient":""},"tablet":{"background-color":"var(--ast-global-color-5)","background-image":"","background-repeat":"repeat","background-position":"center center","background-size":"auto","background-attachment":"scroll","background-type":"","background-media":"","overlay-type":"","overlay-color":"","overlay-opacity":"","overlay-gradient":""},"mobile":{"background-color":"var(--ast-global-color-5)","background-image":"","background-repeat":"repeat","background-position":"center center","background-size":"auto","background-attachment":"scroll","background-type":"","background-media":"","overlay-type":"","overlay-color":"","overlay-opacity":"","overlay-gradient":""}},"footnotes":""},"class_list":["post-1630","page","type-page","status-publish","hentry"],"uagb_featured_image_src":{"full":false,"thumbnail":false,"medium":false,"medium_large":false,"large":false,"1536x1536":false,"2048x2048":false},"uagb_author_info":{"display_name":"jose-sousa","author_link":"https:\/\/saltystudio.pt\/dev\/bisturi-humanitario\/author\/jose-sousa\/"},"uagb_comment_info":0,"uagb_excerpt":"Rumo \u00e0 Guin\u00e9 2025 Fevereiro","_links":{"self":[{"href":"https:\/\/saltystudio.pt\/dev\/bisturi-humanitario\/wp-json\/wp\/v2\/pages\/1630","targetHints":{"allow":["GET"]}}],"collection":[{"href":"https:\/\/saltystudio.pt\/dev\/bisturi-humanitario\/wp-json\/wp\/v2\/pages"}],"about":[{"href":"https:\/\/saltystudio.pt\/dev\/bisturi-humanitario\/wp-json\/wp\/v2\/types\/page"}],"author":[{"embeddable":true,"href":"https:\/\/saltystudio.pt\/dev\/bisturi-humanitario\/wp-json\/wp\/v2\/users\/1"}],"replies":[{"embeddable":true,"href":"https:\/\/saltystudio.pt\/dev\/bisturi-humanitario\/wp-json\/wp\/v2\/comments?post=1630"}],"version-history":[{"count":5,"href":"https:\/\/saltystudio.pt\/dev\/bisturi-humanitario\/wp-json\/wp\/v2\/pages\/1630\/revisions"}],"predecessor-version":[{"id":1651,"href":"https:\/\/saltystudio.pt\/dev\/bisturi-humanitario\/wp-json\/wp\/v2\/pages\/1630\/revisions\/1651"}],"wp:attachment":[{"href":"https:\/\/saltystudio.pt\/dev\/bisturi-humanitario\/wp-json\/wp\/v2\/media?parent=1630"}],"curies":[{"name":"wp","href":"https:\/\/api.w.org\/{rel}","templated":true}]}}