{"id":118,"date":"2025-04-17T13:50:45","date_gmt":"2025-04-17T13:50:45","guid":{"rendered":"https:\/\/saltystudio.pt\/dev\/bisturi-humanitario\/about\/"},"modified":"2025-04-17T22:30:30","modified_gmt":"2025-04-17T22:30:30","slug":"sobre","status":"publish","type":"page","link":"https:\/\/saltystudio.pt\/dev\/bisturi-humanitario\/sobre\/","title":{"rendered":"A Associa\u00e7\u00e3o"},"content":{"rendered":"\n<div class=\"wp-block-uagb-container uagb-block-7fa683e6 alignfull uagb-is-root-container\"><div class=\"uagb-container-inner-blocks-wrap\">\n<div class=\"wp-block-uagb-advanced-heading uagb-block-74b342eb\"><h1 class=\"uagb-heading-text\">Sobre N\u00f3s<\/h1><\/div>\n<\/div><\/div>\n\n\n\n<div class=\"wp-block-uagb-container uagb-block-94ded581 alignfull uagb-is-root-container\"><div class=\"uagb-container-inner-blocks-wrap\">\n<div class=\"wp-block-uagb-advanced-heading uagb-block-671f3570\"><h2 class=\"uagb-heading-text\">A Nossa Hist\u00f3ria e Prop\u00f3sito<\/h2><\/div>\n\n\n\n<div class=\"wp-block-uagb-container uagb-block-21891d52\">\n<div class=\"wp-block-uagb-container uagb-block-8a4a99e4\">\n<div class=\"wp-block-uagb-image alignleft uagb-block-e71a6b83 wp-block-uagb-image--layout-default wp-block-uagb-image--effect-static wp-block-uagb-image--align-left\"><figure class=\"wp-block-uagb-image__figure\"><img decoding=\"async\" srcset=\"https:\/\/saltystudio.pt\/dev\/bisturi-humanitario\/wp-content\/uploads\/2025\/04\/484110652_1547265156128603_5427725922533022333_n-1024x536.jpg ,https:\/\/saltystudio.pt\/dev\/bisturi-humanitario\/wp-content\/uploads\/2025\/04\/484110652_1547265156128603_5427725922533022333_n.jpg 780w, https:\/\/saltystudio.pt\/dev\/bisturi-humanitario\/wp-content\/uploads\/2025\/04\/484110652_1547265156128603_5427725922533022333_n.jpg 360w\" sizes=\"auto, (max-width: 480px) 150px\" src=\"https:\/\/saltystudio.pt\/dev\/bisturi-humanitario\/wp-content\/uploads\/2025\/04\/484110652_1547265156128603_5427725922533022333_n-1024x536.jpg\" alt=\"\" class=\"uag-image-1634\" width=\"526\" height=\"536\" title=\"484110652_1547265156128603_5427725922533022333_n\" loading=\"lazy\" role=\"img\"\/><\/figure><\/div>\n<\/div>\n\n\n\n<div class=\"wp-block-uagb-container uagb-block-7e959f87\">\n<div class=\"wp-block-uagb-info-box uagb-block-4960c374 uagb-infobox__content-wrap  uagb-infobox-icon-above-title uagb-infobox-image-valign-top\"><div class=\"uagb-ifb-content\"><div class=\"uagb-ifb-title-wrap\"><h3 class=\"uagb-ifb-title\">Fundada com o intuito de melhorar o acesso a servi\u00e7os de sa\u00fade a quem mais precisa, a ABH est\u00e1 comprometida com a promo\u00e7\u00e3o da sa\u00fade e preven\u00e7\u00e3o de doen\u00e7as. Atuamos em situa\u00e7\u00f5es de crise humanit\u00e1ria, fazendo a diferen\u00e7a nas vidas das pessoas vulner\u00e1veis.<\/h3><\/div><p class=\"uagb-ifb-desc\">A ABH foi criada em 2018 no Centro Hospitalar do Baixo Vouga, impulsionada pela necessidade de oferecer cuidados m\u00e9dicos adequados a popula\u00e7\u00f5es em situa\u00e7\u00e3o de vulnerabilidade. Desde ent\u00e3o, temos trabalhado incansavelmente para cumprir esta miss\u00e3o.<br><br>Temos servido comunidades carenciadas em diversas situa\u00e7\u00f5es, desde cat\u00e1strofes naturais a crises pol\u00edticas, oferecendo n\u00e3o apenas cuidados de sa\u00fade, mas tamb\u00e9m forma\u00e7\u00e3o e apoio cont\u00ednuo.<\/p><\/div><\/div>\n<\/div>\n<\/div>\n<\/div><\/div>\n\n\n\n<div class=\"wp-block-uagb-container uagb-block-cc344175 alignfull uagb-is-root-container\"><div class=\"uagb-container-inner-blocks-wrap\">\n<div class=\"wp-block-uagb-advanced-heading uagb-block-ec98e3ec\"><h2 class=\"uagb-heading-text\">Os nossos Estatutos<\/h2><p class=\"uagb-desc-text\">A Associa\u00e7\u00e3o Bisturi Humanit\u00e1rio \u00e9 uma Institui\u00e7\u00e3o de Solidariedade social, sem fins lucrativos.<br>Consulte abaixo os nossos estatutos<\/p><\/div>\n\n\n\n<div class=\"wp-block-columns is-layout-flex wp-container-core-columns-is-layout-28f84493 wp-block-columns-is-layout-flex\">\n<div class=\"wp-block-column is-layout-flow wp-block-column-is-layout-flow\">\n<div class=\"wp-block-uagb-buttons uagb-buttons__outer-wrap uagb-btn__default-btn uagb-btn-tablet__default-btn uagb-btn-mobile__default-btn uagb-block-9b7e7f1c\"><div class=\"uagb-buttons__wrap uagb-buttons-layout-wrap \"><\/div><\/div>\n<\/div>\n<\/div>\n\n\n\n<div class=\"wp-block-file\"><a id=\"wp-block-file--media-f362b72b-c913-497f-84fd-88f252713670\" href=\"https:\/\/saltystudio.pt\/dev\/bisturi-humanitario\/wp-content\/uploads\/2025\/04\/ABH-estatutos-actualizados.pdf\" target=\"_blank\" rel=\"noreferrer noopener\">ABH estatutos actualizados<\/a><a href=\"https:\/\/saltystudio.pt\/dev\/bisturi-humanitario\/wp-content\/uploads\/2025\/04\/ABH-estatutos-actualizados.pdf\" class=\"wp-block-file__button wp-element-button\" download aria-describedby=\"wp-block-file--media-f362b72b-c913-497f-84fd-88f252713670\">Descarregar<\/a><\/div>\n<\/div><\/div>\n\n\n\n<div class=\"wp-block-uagb-container uagb-block-z08q7dxx alignfull uagb-is-root-container\"><div class=\"uagb-container-inner-blocks-wrap\">\n<div class=\"wp-block-uagb-advanced-heading uagb-block-qbbrb9mp\"><h2 class=\"uagb-heading-text\">\u00d3rg\u00e3os Sociais<\/h2><\/div>\n\n\n\n<div class=\"wp-block-uagb-container uagb-block-ncmx5mpc\">\n<div class=\"wp-block-uagb-container uagb-block-mobk2fke\">\n<div class=\"wp-block-uagb-image alignleft uagb-block-n5p1umpr wp-block-uagb-image--layout-default wp-block-uagb-image--effect-static wp-block-uagb-image--align-left\"><figure class=\"wp-block-uagb-image__figure\"><img decoding=\"async\" srcset=\"https:\/\/saltystudio.pt\/dev\/bisturi-humanitario\/wp-content\/uploads\/2025\/04\/whatsapp-image-2024-02-05-at-10.27.26-813x813-2.jpeg ,https:\/\/saltystudio.pt\/dev\/bisturi-humanitario\/wp-content\/uploads\/2025\/04\/whatsapp-image-2024-02-05-at-10.27.26-813x813-2.jpeg 780w, https:\/\/saltystudio.pt\/dev\/bisturi-humanitario\/wp-content\/uploads\/2025\/04\/whatsapp-image-2024-02-05-at-10.27.26-813x813-2.jpeg 360w\" sizes=\"auto, (max-width: 480px) 150px\" src=\"https:\/\/saltystudio.pt\/dev\/bisturi-humanitario\/wp-content\/uploads\/2025\/04\/whatsapp-image-2024-02-05-at-10.27.26-813x813-2.jpeg\" alt=\"\" class=\"uag-image-1667\" width=\"368\" height=\"460\" title=\"whatsapp-image-2024-02-05-at-10.27.26-813x813\" loading=\"lazy\" role=\"img\"\/><\/figure><\/div>\n\n\n\n<div class=\"wp-block-uagb-advanced-heading uagb-block-859akr1r\"><p class=\"uagb-heading-text\">Dra. Suzana Valente<\/p><p class=\"uagb-desc-text\">Presidente da Dire\u00e7\u00e3o<\/p><\/div>\n<\/div>\n\n\n\n<div class=\"wp-block-uagb-container uagb-block-naxkh1lc\">\n<div class=\"wp-block-uagb-image uagb-block-kmecfxwn wp-block-uagb-image--layout-default wp-block-uagb-image--effect-static wp-block-uagb-image--align-none\"><figure class=\"wp-block-uagb-image__figure\"><img decoding=\"async\" srcset=\"https:\/\/saltystudio.pt\/dev\/bisturi-humanitario\/wp-content\/uploads\/2025\/04\/whatsapp-image-2024-02-05-at-10.27.58-813x813-3.jpeg ,https:\/\/saltystudio.pt\/dev\/bisturi-humanitario\/wp-content\/uploads\/2025\/04\/whatsapp-image-2024-02-05-at-10.27.58-813x813-3.jpeg 780w, https:\/\/saltystudio.pt\/dev\/bisturi-humanitario\/wp-content\/uploads\/2025\/04\/whatsapp-image-2024-02-05-at-10.27.58-813x813-3.jpeg 360w\" sizes=\"auto, (max-width: 480px) 150px\" src=\"https:\/\/saltystudio.pt\/dev\/bisturi-humanitario\/wp-content\/uploads\/2025\/04\/whatsapp-image-2024-02-05-at-10.27.58-813x813-3.jpeg\" alt=\"\" class=\"uag-image-1670\" width=\"368\" height=\"460\" title=\"whatsapp-image-2024-02-05-at-10.27.58-813x813\" loading=\"lazy\" role=\"img\"\/><\/figure><\/div>\n\n\n\n<div class=\"wp-block-uagb-advanced-heading uagb-block-iz8vhewb\"><p class=\"uagb-heading-text\">Enf. Jos\u00e9 Sousa<\/p><p class=\"uagb-desc-text\">Secret\u00e1rio<\/p><\/div>\n<\/div>\n\n\n\n<div class=\"wp-block-uagb-container uagb-block-jvloshfc\">\n<div class=\"wp-block-uagb-image uagb-block-gutimal6 wp-block-uagb-image--layout-default wp-block-uagb-image--effect-static wp-block-uagb-image--align-none\"><figure class=\"wp-block-uagb-image__figure\"><img decoding=\"async\" srcset=\"https:\/\/saltystudio.pt\/dev\/bisturi-humanitario\/wp-content\/uploads\/2025\/04\/whatsapp-image-2024-02-05-at-10.28.29-813x1084-2.jpeg ,https:\/\/saltystudio.pt\/dev\/bisturi-humanitario\/wp-content\/uploads\/2025\/04\/whatsapp-image-2024-02-05-at-10.28.29-813x1084-2.jpeg 780w, https:\/\/saltystudio.pt\/dev\/bisturi-humanitario\/wp-content\/uploads\/2025\/04\/whatsapp-image-2024-02-05-at-10.28.29-813x1084-2.jpeg 360w\" sizes=\"auto, (max-width: 480px) 150px\" src=\"https:\/\/saltystudio.pt\/dev\/bisturi-humanitario\/wp-content\/uploads\/2025\/04\/whatsapp-image-2024-02-05-at-10.28.29-813x1084-2.jpeg\" alt=\"\" class=\"uag-image-1671\" width=\"368\" height=\"460\" title=\"whatsapp-image-2024-02-05-at-10.28.29-813x1084\" loading=\"lazy\" role=\"img\"\/><\/figure><\/div>\n\n\n\n<div class=\"wp-block-uagb-advanced-heading uagb-block-nm7yvig9\"><p class=\"uagb-heading-text\">Enf. Paula Eira<\/p><p class=\"uagb-desc-text\">Tesoureira<\/p><\/div>\n<\/div>\n<\/div>\n\n\n\n<div class=\"wp-block-file\"><a id=\"wp-block-file--media-41c68832-ae77-449e-818c-08f022a7169c\" href=\"https:\/\/saltystudio.pt\/dev\/bisturi-humanitario\/wp-content\/uploads\/2025\/04\/Orgaos-Sociais-ABH-2022.pdf\" target=\"_blank\" rel=\"noreferrer noopener\">Org\u00e3os Sociais ABH 2022<\/a><a href=\"https:\/\/saltystudio.pt\/dev\/bisturi-humanitario\/wp-content\/uploads\/2025\/04\/Orgaos-Sociais-ABH-2022.pdf\" class=\"wp-block-file__button wp-element-button\" download aria-describedby=\"wp-block-file--media-41c68832-ae77-449e-818c-08f022a7169c\">Descarregar<\/a><\/div>\n<\/div><\/div>\n\n\n\n<div class=\"wp-block-uagb-container uagb-block-d758a253 alignfull uagb-is-root-container\"><div class=\"uagb-container-inner-blocks-wrap\">\n<div class=\"wp-block-uagb-advanced-heading uagb-block-b211e1e2\"><h2 class=\"uagb-heading-text\">Relat\u00f3rio de Contas e Plano de Atividades<\/h2><p class=\"uagb-desc-text\">A Associa\u00e7\u00e3o Bisturi Humanit\u00e1rio \u00e9 uma Institui\u00e7\u00e3o de Solidariedade social, sem fins lucrativos.<br>Consulte abaixo a documenta\u00e7\u00e3o relativa \u00e0 nossa presta\u00e7\u00e3o de contas e atividades<\/p><\/div>\n\n\n\n<div class=\"wp-block-file\"><a id=\"wp-block-file--media-3b5e360b-ffe2-4179-88c5-a011c52c7f83\" href=\"https:\/\/saltystudio.pt\/dev\/bisturi-humanitario\/wp-content\/uploads\/2025\/04\/Relatorio-de-atividades-e-contas-2023-24.pdf\" target=\"_blank\" rel=\"noreferrer noopener\">Relat\u00f3rio de atividades e contas 2023-24<\/a><a href=\"https:\/\/saltystudio.pt\/dev\/bisturi-humanitario\/wp-content\/uploads\/2025\/04\/Relatorio-de-atividades-e-contas-2023-24.pdf\" class=\"wp-block-file__button wp-element-button\" download aria-describedby=\"wp-block-file--media-3b5e360b-ffe2-4179-88c5-a011c52c7f83\">Descarregar<\/a><\/div>\n\n\n\n<div class=\"wp-block-file\"><a id=\"wp-block-file--media-7cff3509-9461-4999-8dbb-a3da5aba7cc2\" href=\"https:\/\/saltystudio.pt\/dev\/bisturi-humanitario\/wp-content\/uploads\/2025\/04\/Relatorio-de-atividades-e-contas-2022.pdf\" target=\"_blank\" rel=\"noreferrer noopener\">Relat\u00f3rio de atividades e contas 2022<\/a><a href=\"https:\/\/saltystudio.pt\/dev\/bisturi-humanitario\/wp-content\/uploads\/2025\/04\/Relatorio-de-atividades-e-contas-2022.pdf\" class=\"wp-block-file__button wp-element-button\" download aria-describedby=\"wp-block-file--media-7cff3509-9461-4999-8dbb-a3da5aba7cc2\">Descarregar<\/a><\/div>\n\n\n\n<div class=\"wp-block-file\"><a id=\"wp-block-file--media-aeeea767-0e19-45c8-8624-6468013cc2dd\" href=\"https:\/\/saltystudio.pt\/dev\/bisturi-humanitario\/wp-content\/uploads\/2025\/04\/Relatorio-de-atividades-e-contas-2021.pdf\" target=\"_blank\" rel=\"noreferrer noopener\">Relat\u00f3rio de atividades e contas 2021<\/a><a href=\"https:\/\/saltystudio.pt\/dev\/bisturi-humanitario\/wp-content\/uploads\/2025\/04\/Relatorio-de-atividades-e-contas-2021.pdf\" class=\"wp-block-file__button wp-element-button\" download aria-describedby=\"wp-block-file--media-aeeea767-0e19-45c8-8624-6468013cc2dd\">Descarregar<\/a><\/div>\n<\/div><\/div>\n\n\n\n<div class=\"wp-block-uagb-container uagb-block-c84325e4 alignfull uagb-is-root-container\"><div class=\"uagb-container-inner-blocks-wrap\">\n<div class=\"wp-block-uagb-info-box uagb-block-d8a09d88 uagb-infobox__content-wrap  uagb-infobox-icon-above-title uagb-infobox-image-valign-top\"><div class=\"uagb-ifb-content\"><div class=\"uagb-ifb-title-wrap\"><h2 class=\"uagb-ifb-title\">Junte-se \u00e0 Nossa Causa<\/h2><\/div><p class=\"uagb-ifb-desc\">A sua ajuda pode fazer a diferen\u00e7a. Contribua ou torne-se volunt\u00e1rio e ajude-nos a levar cuidados a quem mais precisa.<\/p><div class=\"uagb-ifb-button-wrapper wp-block-button\"><a href=\"https:\/\/saltystudio.pt\/dev\/bisturi-humanitario\/contactos\/\" class=\"uagb-infobox-cta-link wp-block-button__link\" target=\"_self\" rel=\"noopener noreferrer\" onclick=\"return true;\"><span class=\"uagb-inline-editing\">Junte-se a n\u00f3s<\/span><\/a><\/div><\/div><\/div>\n<\/div><\/div>\n","protected":false},"excerpt":{"rendered":"<p>Sobre N\u00f3s A Nossa Hist\u00f3ria e Prop\u00f3sito Os nossos Estatutos A Associa\u00e7\u00e3o Bisturi Humanit\u00e1rio \u00e9 uma Institui\u00e7\u00e3o de Solidariedade social, [&hellip;]<\/p>\n","protected":false},"author":1,"featured_media":0,"parent":0,"menu_order":0,"comment_status":"closed","ping_status":"closed","template":"","meta":{"_uag_custom_page_level_css":"","site-sidebar-layout":"default","site-content-layout":"","ast-site-content-layout":"default","site-content-style":"default","site-sidebar-style":"default","ast-global-header-display":"","ast-banner-title-visibility":"","ast-main-header-display":"","ast-hfb-above-header-display":"","ast-hfb-below-header-display":"","ast-hfb-mobile-header-display":"","site-post-title":"disabled","ast-breadcrumbs-content":"","ast-featured-img":"","footer-sml-layout":"","theme-transparent-header-meta":"enabled","adv-header-id-meta":"","stick-header-meta":"","header-above-stick-meta":"","header-main-stick-meta":"","header-below-stick-meta":"","astra-migrate-meta-layouts":"set","ast-page-background-enabled":"default","ast-page-background-meta":{"desktop":{"background-color":"var(--ast-global-color-4)","background-image":"","background-repeat":"repeat","background-position":"center center","background-size":"auto","background-attachment":"scroll","background-type":"","background-media":"","overlay-type":"","overlay-color":"","overlay-opacity":"","overlay-gradient":""},"tablet":{"background-color":"","background-image":"","background-repeat":"repeat","background-position":"center center","background-size":"auto","background-attachment":"scroll","background-type":"","background-media":"","overlay-type":"","overlay-color":"","overlay-opacity":"","overlay-gradient":""},"mobile":{"background-color":"","background-image":"","background-repeat":"repeat","background-position":"center center","background-size":"auto","background-attachment":"scroll","background-type":"","background-media":"","overlay-type":"","overlay-color":"","overlay-opacity":"","overlay-gradient":""}},"ast-content-background-meta":{"desktop":{"background-color":"var(--ast-global-color-5)","background-image":"","background-repeat":"repeat","background-position":"center center","background-size":"auto","background-attachment":"scroll","background-type":"","background-media":"","overlay-type":"","overlay-color":"","overlay-opacity":"","overlay-gradient":""},"tablet":{"background-color":"var(--ast-global-color-5)","background-image":"","background-repeat":"repeat","background-position":"center center","background-size":"auto","background-attachment":"scroll","background-type":"","background-media":"","overlay-type":"","overlay-color":"","overlay-opacity":"","overlay-gradient":""},"mobile":{"background-color":"var(--ast-global-color-5)","background-image":"","background-repeat":"repeat","background-position":"center center","background-size":"auto","background-attachment":"scroll","background-type":"","background-media":"","overlay-type":"","overlay-color":"","overlay-opacity":"","overlay-gradient":""}},"footnotes":""},"class_list":["post-118","page","type-page","status-publish","hentry"],"uagb_featured_image_src":{"full":false,"thumbnail":false,"medium":false,"medium_large":false,"large":false,"1536x1536":false,"2048x2048":false},"uagb_author_info":{"display_name":"jose-sousa","author_link":"https:\/\/saltystudio.pt\/dev\/bisturi-humanitario\/author\/jose-sousa\/"},"uagb_comment_info":0,"uagb_excerpt":"Sobre N\u00f3s A Nossa Hist\u00f3ria e Prop\u00f3sito Os nossos Estatutos A Associa\u00e7\u00e3o Bisturi Humanit\u00e1rio \u00e9 uma Institui\u00e7\u00e3o de Solidariedade social, [&hellip;]","_links":{"self":[{"href":"https:\/\/saltystudio.pt\/dev\/bisturi-humanitario\/wp-json\/wp\/v2\/pages\/118","targetHints":{"allow":["GET"]}}],"collection":[{"href":"https:\/\/saltystudio.pt\/dev\/bisturi-humanitario\/wp-json\/wp\/v2\/pages"}],"about":[{"href":"https:\/\/saltystudio.pt\/dev\/bisturi-humanitario\/wp-json\/wp\/v2\/types\/page"}],"author":[{"embeddable":true,"href":"https:\/\/saltystudio.pt\/dev\/bisturi-humanitario\/wp-json\/wp\/v2\/users\/1"}],"replies":[{"embeddable":true,"href":"https:\/\/saltystudio.pt\/dev\/bisturi-humanitario\/wp-json\/wp\/v2\/comments?post=118"}],"version-history":[{"count":10,"href":"https:\/\/saltystudio.pt\/dev\/bisturi-humanitario\/wp-json\/wp\/v2\/pages\/118\/revisions"}],"predecessor-version":[{"id":1681,"href":"https:\/\/saltystudio.pt\/dev\/bisturi-humanitario\/wp-json\/wp\/v2\/pages\/118\/revisions\/1681"}],"wp:attachment":[{"href":"https:\/\/saltystudio.pt\/dev\/bisturi-humanitario\/wp-json\/wp\/v2\/media?parent=118"}],"curies":[{"name":"wp","href":"https:\/\/api.w.org\/{rel}","templated":true}]}}